{"id":227,"date":"2025-03-24T16:25:32","date_gmt":"2025-03-24T16:25:32","guid":{"rendered":"https:\/\/multirentdeco.cl\/?page_id=227"},"modified":"2025-03-24T16:25:32","modified_gmt":"2025-03-24T16:25:32","slug":"amoblado-para-renta-corta","status":"publish","type":"page","link":"https:\/\/multirentdeco.cl\/?page_id=227","title":{"rendered":"Amoblado para renta corta"},"content":{"rendered":"\n<p>Ofrecemos <strong>amoblado funcional y moderno<\/strong> para departamentos de arriendo diario, optimizando el dise\u00f1o y la comodidad para atraer m\u00e1s hu\u00e9spedes y maximizar la rentabilidad.<\/p>\n\n\n\n<p>Que incluimos?<\/p>\n\n\n\n<ul class=\"wp-block-list\">\n<li>Refrigerador<\/li>\n\n\n\n<li>Microondas<\/li>\n\n\n\n<li>Electrodom\u00e9sticos peque\u00f1os<\/li>\n\n\n\n<li>Bater\u00eda ollas y sartenes<\/li>\n\n\n\n<li>Set vajilla y cubiertos<\/li>\n\n\n\n<li>Accesorios cocina<\/li>\n\n\n\n<li>Living y comedor completamente equipados<\/li>\n\n\n\n<li>Camas y ropa de cama<\/li>\n\n\n\n<li>TV 43\u201d<\/li>\n\n\n\n<li>Chapa digital<\/li>\n\n\n\n<li>L\u00e1mparas<\/li>\n\n\n\n<li>Equipamiento de terraza y otros espacios<\/li>\n<\/ul>\n\n\n\n\n\n\n\n<p><\/p>\n\n\n\n<p><\/p>\n\n\n\n\n","protected":false},"excerpt":{"rendered":"<p>Ofrecemos amoblado funcional y moderno para departamentos de arriendo diario, optimizando el dise\u00f1o y la comodidad para atraer m\u00e1s hu\u00e9spedes y maximizar la rentabilidad. Que incluimos?<\/p>\n","protected":false},"author":1,"featured_media":0,"parent":0,"menu_order":0,"comment_status":"closed","ping_status":"closed","template":"","meta":{"saved_in_kubio":false,"footnotes":""},"class_list":["post-227","page","type-page","status-publish","hentry"],"kubio_ai_page_context":{"short_desc":"","purpose":"general"},"_links":{"self":[{"href":"https:\/\/multirentdeco.cl\/index.php?rest_route=\/wp\/v2\/pages\/227","targetHints":{"allow":["GET"]}}],"collection":[{"href":"https:\/\/multirentdeco.cl\/index.php?rest_route=\/wp\/v2\/pages"}],"about":[{"href":"https:\/\/multirentdeco.cl\/index.php?rest_route=\/wp\/v2\/types\/page"}],"author":[{"embeddable":true,"href":"https:\/\/multirentdeco.cl\/index.php?rest_route=\/wp\/v2\/users\/1"}],"replies":[{"embeddable":true,"href":"https:\/\/multirentdeco.cl\/index.php?rest_route=%2Fwp%2Fv2%2Fcomments&post=227"}],"version-history":[{"count":2,"href":"https:\/\/multirentdeco.cl\/index.php?rest_route=\/wp\/v2\/pages\/227\/revisions"}],"predecessor-version":[{"id":237,"href":"https:\/\/multirentdeco.cl\/index.php?rest_route=\/wp\/v2\/pages\/227\/revisions\/237"}],"wp:attachment":[{"href":"https:\/\/multirentdeco.cl\/index.php?rest_route=%2Fwp%2Fv2%2Fmedia&parent=227"}],"curies":[{"name":"wp","href":"https:\/\/api.w.org\/{rel}","templated":true}]}}